{"id":11813,"date":"2016-09-14T00:04:17","date_gmt":"2016-09-13T22:04:17","guid":{"rendered":"https:\/\/www.kampier.de\/en\/newsletter\/"},"modified":"2016-09-14T00:04:17","modified_gmt":"2016-09-13T22:04:17","slug":"newsletter","status":"publish","type":"page","link":"https:\/\/www.kampier.de\/en\/newsletter\/","title":{"rendered":"Newsletter"},"content":{"rendered":"<div class=\"wpb-content-wrapper\">[vc_row][vc_column]<div class=\"vcex-module vcex-post-type-grid-wrap wpex-clr\"><div class=\"wpex-row vcex-post-type-grid entries wpex-clr match-height-grid\"><div class=\"vcex-post-type-entry vcex-grid-item wpex-clr col span_1_of_2 col-1 post-13192 entry type-post has-media cat-145 post_format-78 translation_priority-356\"><div class=\"vcex-post-type-entry-inner entry-inner wpex-first-mt-0 wpex-last-mb-0 wpex-clr\"><div class=\"vcex-post-type-entry-media entry-media\"><a href=\"https:\/\/www.kampier.de\/en\/newsletter-05-19\/\" title=\"Newsletter 05.19\"><img loading=\"lazy\" class=\"vcex-blog-entry-img wpex-align-middle\" decoding=\"async\" src=\"https:\/\/www.kampier.de\/_oeko_wp\/wp-content\/uploads\/Criterion2019_Motto2_web-680x380.jpg\" alt=\"Criterion 2019 - Motto Nachhaltigkeit\" width=\"680\" height=\"380\"><\/a><\/div><div class=\"vcex-post-type-entry-details entry-details wpex-bordered wpex-first-mt-0 wpex-last-mb-0 wpex-clr\"><div class=\"match-height-content\"><h2 class=\"vcex-post-type-entry-title entry-title wpex-mb-5\" ><a href=\"https:\/\/www.kampier.de\/en\/newsletter-05-19\/\">Newsletter 05.19<\/a><\/h2 ><div class=\"vcex-post-type-entry-excerpt entry-excerpt wpex-my-15 wpex-last-mb-0 wpex-clr\"><p>Liebe Kunden und Freunde, das Interesse und Bewusstsein f\u00fcr handwerklich gute Dinge, hochwertige Materialien, und dies aus m\u00f6glichst regionaler Produktion, steigt weiter. Wir finden, dies ist doch eine sch\u00f6ne Nachricht&hellip;<\/p><\/div><div class=\"vcex-post-type-entry-readmore-wrap entry-readmore-wrap wpex-my-15 wpex-clr\"><a href=\"https:\/\/www.kampier.de\/en\/newsletter-05-19\/\" class=\"theme-button\" style=\"background:#ffffff;color:#314a0e;\" data-wpex-hover=\"{&quot;background&quot;:&quot;#314a0e&quot;,&quot;color&quot;:&quot;#ffffff&quot;}\" aria-label=\"Mehr Lesen about Newsletter 05.19\">Mehr Lesen<\/a><\/div><\/div><\/div><\/div><\/div><div class=\"vcex-post-type-entry vcex-grid-item wpex-clr col span_1_of_2 col-2 post-13008 entry type-post has-media cat-145 post_format-78 translation_priority-356\"><div class=\"vcex-post-type-entry-inner entry-inner wpex-first-mt-0 wpex-last-mb-0 wpex-clr\"><div class=\"vcex-post-type-entry-media entry-media\"><a href=\"https:\/\/www.kampier.de\/en\/newsletter-01-19\/\" title=\"Newsletter 01.19\"><img loading=\"lazy\" class=\"vcex-blog-entry-img wpex-align-middle\" decoding=\"async\" src=\"https:\/\/www.kampier.de\/_oeko_wp\/wp-content\/uploads\/Der-n\u00e4chste-Sommer-kommt-bestimmt_2_web-680x380.jpg\" alt=\"Der N\u00e4chste Sommer Kommt Bestimmt\" width=\"680\" height=\"380\"><\/a><\/div><div class=\"vcex-post-type-entry-details entry-details wpex-bordered wpex-first-mt-0 wpex-last-mb-0 wpex-clr\"><div class=\"match-height-content\"><h2 class=\"vcex-post-type-entry-title entry-title wpex-mb-5\" ><a href=\"https:\/\/www.kampier.de\/en\/newsletter-01-19\/\">Newsletter 01.19<\/a><\/h2 ><div class=\"vcex-post-type-entry-excerpt entry-excerpt wpex-my-15 wpex-last-mb-0 wpex-clr\"><p>Sch\u00f6ne St\u00fchle gibt es nach wie vor bei uns... Liebe Kunden und Freunde, wir bedanken uns f\u00fcr das Interesse und die Wertsch\u00e4tzung, die uns auch im vergangenen Jahr entgegengebracht wurde.&hellip;<\/p><\/div><div class=\"vcex-post-type-entry-readmore-wrap entry-readmore-wrap wpex-my-15 wpex-clr\"><a href=\"https:\/\/www.kampier.de\/en\/newsletter-01-19\/\" class=\"theme-button\" style=\"background:#ffffff;color:#314a0e;\" data-wpex-hover=\"{&quot;background&quot;:&quot;#314a0e&quot;,&quot;color&quot;:&quot;#ffffff&quot;}\" aria-label=\"Mehr Lesen about Newsletter 01.19\">Mehr Lesen<\/a><\/div><\/div><\/div><\/div><\/div><div class=\"vcex-post-type-entry vcex-grid-item wpex-clr col span_1_of_2 col-1 post-12531 entry type-post has-media cat-145\"><div class=\"vcex-post-type-entry-inner entry-inner wpex-first-mt-0 wpex-last-mb-0 wpex-clr\"><div class=\"vcex-post-type-entry-media entry-media\"><a href=\"https:\/\/www.kampier.de\/en\/newsletter-10-17\/\" title=\"Newsletter 10.17\"><img loading=\"lazy\" class=\"vcex-blog-entry-img wpex-align-middle\" decoding=\"async\" src=\"https:\/\/www.kampier.de\/_oeko_wp\/wp-content\/uploads\/Herbstfluss_Nova_Scotia-680x380.jpg\" alt=\"Herbstfluss Nova Scotia\" width=\"680\" height=\"380\"><\/a><\/div><div class=\"vcex-post-type-entry-details entry-details wpex-bordered wpex-first-mt-0 wpex-last-mb-0 wpex-clr\"><div class=\"match-height-content\"><h2 class=\"vcex-post-type-entry-title entry-title wpex-mb-5\" ><a href=\"https:\/\/www.kampier.de\/en\/newsletter-10-17\/\">Newsletter 10.17<\/a><\/h2 ><div class=\"vcex-post-type-entry-excerpt entry-excerpt wpex-my-15 wpex-last-mb-0 wpex-clr\"><p>Liebe \u00d6kofaktum-Kunden, liebe Kampier-Freunde, wir gr\u00fc\u00dfen aus dem herbstlichen Hessen und bringen Neuigkeiten. Zuerst aber m\u00f6chten wir uns bedanken. F\u00fcr das herzliche Feedback zu unseren Paketen und Produkten, oder die&hellip;<\/p><\/div><div class=\"vcex-post-type-entry-readmore-wrap entry-readmore-wrap wpex-my-15 wpex-clr\"><a href=\"https:\/\/www.kampier.de\/en\/newsletter-10-17\/\" class=\"theme-button\" style=\"background:#ffffff;color:#314a0e;\" data-wpex-hover=\"{&quot;background&quot;:&quot;#314a0e&quot;,&quot;color&quot;:&quot;#ffffff&quot;}\" aria-label=\"Mehr Lesen about Newsletter 10.17\">Mehr Lesen<\/a><\/div><\/div><\/div><\/div><\/div><div class=\"vcex-post-type-entry vcex-grid-item wpex-clr col span_1_of_2 col-2 post-12428 entry type-post has-media cat-145\"><div class=\"vcex-post-type-entry-inner entry-inner wpex-first-mt-0 wpex-last-mb-0 wpex-clr\"><div class=\"vcex-post-type-entry-media entry-media\"><a href=\"https:\/\/www.kampier.de\/en\/newsletter-09-16\/\" title=\"Newsletter 09.16\"><img loading=\"lazy\" class=\"vcex-blog-entry-img wpex-align-middle\" decoding=\"async\" src=\"https:\/\/www.kampier.de\/_oeko_wp\/wp-content\/uploads\/Kampierstuhl_Esche_gruen_weiss-1-680x380.jpg\" alt=\"Kampierstuhl Mit Gestell Aus Esche Und Gr\u00fcn\/wei\u00dfer Sitzfl\u00e4che\" width=\"680\" height=\"380\"><\/a><\/div><div class=\"vcex-post-type-entry-details entry-details wpex-bordered wpex-first-mt-0 wpex-last-mb-0 wpex-clr\"><div class=\"match-height-content\"><h2 class=\"vcex-post-type-entry-title entry-title wpex-mb-5\" ><a href=\"https:\/\/www.kampier.de\/en\/newsletter-09-16\/\">Newsletter 09.16<\/a><\/h2 ><div class=\"vcex-post-type-entry-excerpt entry-excerpt wpex-my-15 wpex-last-mb-0 wpex-clr\"><p>Hallo da drau\u00dfen! Lange haben wir nichts mehr von uns h\u00f6ren lassen. Das hei\u00dft nicht, dass wir in der Zwischenzeit ganz tatenlos waren! Auf Rat eines lieben Kunden haben wir&hellip;<\/p><\/div><div class=\"vcex-post-type-entry-readmore-wrap entry-readmore-wrap wpex-my-15 wpex-clr\"><a href=\"https:\/\/www.kampier.de\/en\/newsletter-09-16\/\" class=\"theme-button\" style=\"background:#ffffff;color:#314a0e;\" data-wpex-hover=\"{&quot;background&quot;:&quot;#314a0e&quot;,&quot;color&quot;:&quot;#ffffff&quot;}\" aria-label=\"Mehr Lesen about Newsletter 09.16\">Mehr Lesen<\/a><\/div><\/div><\/div><\/div><\/div><\/div><\/div>[\/vc_column][\/vc_row]<\/div>","protected":false},"excerpt":{"rendered":"<p>[vc_row][vc_column][\/vc_column][\/vc_row]<\/p>\n","protected":false},"author":4,"featured_media":0,"parent":0,"menu_order":0,"comment_status":"closed","ping_status":"closed","template":"","meta":{"footnotes":"","_links_to":"","_links_to_target":""},"class_list":["post-11813","page","type-page","status-publish","hentry","entry","has-media"],"_links":{"self":[{"href":"https:\/\/www.kampier.de\/en\/wp-json\/wp\/v2\/pages\/11813","targetHints":{"allow":["GET"]}}],"collection":[{"href":"https:\/\/www.kampier.de\/en\/wp-json\/wp\/v2\/pages"}],"about":[{"href":"https:\/\/www.kampier.de\/en\/wp-json\/wp\/v2\/types\/page"}],"author":[{"embeddable":true,"href":"https:\/\/www.kampier.de\/en\/wp-json\/wp\/v2\/users\/4"}],"replies":[{"embeddable":true,"href":"https:\/\/www.kampier.de\/en\/wp-json\/wp\/v2\/comments?post=11813"}],"version-history":[{"count":0,"href":"https:\/\/www.kampier.de\/en\/wp-json\/wp\/v2\/pages\/11813\/revisions"}],"wp:attachment":[{"href":"https:\/\/www.kampier.de\/en\/wp-json\/wp\/v2\/media?parent=11813"}],"curies":[{"name":"wp","href":"https:\/\/api.w.org\/{rel}","templated":true}]}}