{"id":11809,"date":"2016-09-13T23:47:14","date_gmt":"2016-09-13T21:47:14","guid":{"rendered":"https:\/\/www.kampier.de\/en\/faq\/"},"modified":"2016-09-20T00:59:00","modified_gmt":"2016-09-19T22:59:00","slug":"faq","status":"publish","type":"page","link":"https:\/\/www.kampier.de\/en\/faq\/","title":{"rendered":"FAQ"},"content":{"rendered":"<div class=\"wpb-content-wrapper\">[vc_row][vc_column][vc_column_text]Here you can find answers to frequently asked questions[\/vc_column_text]<div class=\"vcex-module vcex-searchbar wpex-relative wpex-text-lg\"><form class=\"vcex-searchbar-form wpex-flex wpex-justify-between wpex-gap-15\" action=\"https:\/\/www.kampier.de\/en\/\" method=\"get\"><div class=\"vcex-searchbar-input-wrap wpex-flex-grow\"><label class=\"wpex-text-current\"><span class=\"screen-reader-text\">Keywords...<\/span><input value=\"\" type=\"search\" class=\"vcex-searchbar-input wpex-w-100 wpex-inherit-tracking wpex-inherit-text-transform\" name=\"s\" placeholder=\"Keywords...\" required><\/label><input type=\"hidden\" name=\"post_type\" value=\"post\"><input type=\"hidden\" name=\"taxonomy\" value=\"category\"><input type=\"hidden\" name=\"term\" value=\"faq\"><\/div><button class=\"vcex-searchbar-button theme-button wpex-w-25 wpex-py-0\" type=\"submit\">Suche<\/button><\/form><\/div>[\/vc_column][\/vc_row][vc_row][vc_column]<div class=\"vcex-module vcex-blog-grid-wrap wpex-clr\"><div class=\"wpex-row vcex-blog-grid wpex-clr entries\"><div class=\"vcex-blog-entry vcex-grid-item entry-has-details span_1_of_1 col-1 col post-12367 entry type-post no-media cat-206 post_tag-266 post_tag-218\"><div class=\"vcex-blog-entry-inner entry-inner wpex-first-mt-0 wpex-last-mb-0 wpex-clr\"><div class=\"vcex-blog-entry-details entry-details wpex-bordered wpex-first-mt-0 wpex-last-mb-0 wpex-clr\"><h2 class=\"vcex-blog-entry-title entry-title wpex-mb-5\"><a href=\"https:\/\/www.kampier.de\/en\/is-the-kampierstuhl-a-camp-chair-made-out-of-wood\/\">Is the Kampierstuhl a camp chair made out of wood?<\/a><\/h2><div class=\"vcex-blog-entry-excerpt entry-excerpt wpex-my-15 wpex-last-mb-0 wpex-clr\"><p>Conversation with a customer who was interested in our Kampierstuhl project. Customer : Is the&hellip;<\/p><\/div><div class=\"vcex-blog-entry-readmore-wrap entry-readmore-wrap wpex-my-15 wpex-clr\"><a href=\"https:\/\/www.kampier.de\/en\/is-the-kampierstuhl-a-camp-chair-made-out-of-wood\/\" class=\"theme-button\" aria-label=\"Mehr Lesen about Is the Kampierstuhl a camp chair made out of wood?\">Mehr Lesen<\/a><\/div><\/div><\/div><\/div><div class=\"vcex-blog-entry vcex-grid-item entry-has-details span_1_of_1 col-1 col post-11875 entry type-post no-media cat-206 post_tag-266 post_tag-227 post_tag-218\"><div class=\"vcex-blog-entry-inner entry-inner wpex-first-mt-0 wpex-last-mb-0 wpex-clr\"><div class=\"vcex-blog-entry-details entry-details wpex-bordered wpex-first-mt-0 wpex-last-mb-0 wpex-clr\"><h2 class=\"vcex-blog-entry-title entry-title wpex-mb-5\"><a href=\"https:\/\/www.kampier.de\/en\/how-is-the-leather-effected-by-light\/\">How is the leather effected by light?<\/a><\/h2><div class=\"vcex-blog-entry-excerpt entry-excerpt wpex-my-15 wpex-last-mb-0 wpex-clr\"><p>Untreated leather changes its colour when it is continously exposed to sun light. This is&hellip;<\/p><\/div><div class=\"vcex-blog-entry-readmore-wrap entry-readmore-wrap wpex-my-15 wpex-clr\"><a href=\"https:\/\/www.kampier.de\/en\/how-is-the-leather-effected-by-light\/\" class=\"theme-button\" aria-label=\"Mehr Lesen about How is the leather effected by light?\">Mehr Lesen<\/a><\/div><\/div><\/div><\/div><div class=\"vcex-blog-entry vcex-grid-item entry-has-details span_1_of_1 col-1 col post-11648 entry type-post no-media cat-192 post_tag-118 post_tag-193 post_tag-194 post_tag-167\"><div class=\"vcex-blog-entry-inner entry-inner wpex-first-mt-0 wpex-last-mb-0 wpex-clr\"><div class=\"vcex-blog-entry-details entry-details wpex-bordered wpex-first-mt-0 wpex-last-mb-0 wpex-clr\"><h2 class=\"vcex-blog-entry-title entry-title wpex-mb-5\"><a href=\"https:\/\/www.kampier.de\/en\/warum-gibt-es-die-stuehle-bzw-sitzflaechen-nicht-in-anderen-farben\/\">Warum gibt es die St\u00fchle, bzw. Sitzfl\u00e4chen, nicht in anderen Farben?<\/a><\/h2><div class=\"vcex-blog-entry-excerpt entry-excerpt wpex-my-15 wpex-last-mb-0 wpex-clr\"><p>Wir verwenden f\u00fcr unsere Sitzfl\u00e4chen reine Naturmaterialien, die ein Gewicht von mind. 530g\/qm aufweisen. Leider&hellip;<\/p><\/div><div class=\"vcex-blog-entry-readmore-wrap entry-readmore-wrap wpex-my-15 wpex-clr\"><a href=\"https:\/\/www.kampier.de\/en\/warum-gibt-es-die-stuehle-bzw-sitzflaechen-nicht-in-anderen-farben\/\" class=\"theme-button\" aria-label=\"Mehr Lesen about Warum gibt es die St\u00fchle, bzw. Sitzfl\u00e4chen, nicht in anderen Farben?\">Mehr Lesen<\/a><\/div><\/div><\/div><\/div><div class=\"vcex-blog-entry vcex-grid-item entry-has-details span_1_of_1 col-1 col post-11650 entry type-post no-media cat-192 post_tag-118 post_tag-167\"><div class=\"vcex-blog-entry-inner entry-inner wpex-first-mt-0 wpex-last-mb-0 wpex-clr\"><div class=\"vcex-blog-entry-details entry-details wpex-bordered wpex-first-mt-0 wpex-last-mb-0 wpex-clr\"><h2 class=\"vcex-blog-entry-title entry-title wpex-mb-5\"><a href=\"https:\/\/www.kampier.de\/en\/kann-man-den-kampierstuhl-im-regen-stehen-lassen\/\">Kann man den Kampierstuhl im Regen stehen lassen?<\/a><\/h2><div class=\"vcex-blog-entry-excerpt entry-excerpt wpex-my-15 wpex-last-mb-0 wpex-clr\"><p>Der Kampierstuhl besteht aus Holz, Edelstahl und Stoff. Das Holz der Eiche zeichnet sich durch&hellip;<\/p><\/div><div class=\"vcex-blog-entry-readmore-wrap entry-readmore-wrap wpex-my-15 wpex-clr\"><a href=\"https:\/\/www.kampier.de\/en\/kann-man-den-kampierstuhl-im-regen-stehen-lassen\/\" class=\"theme-button\" aria-label=\"Mehr Lesen about Kann man den Kampierstuhl im Regen stehen lassen?\">Mehr Lesen<\/a><\/div><\/div><\/div><\/div><div class=\"vcex-blog-entry vcex-grid-item entry-has-details span_1_of_1 col-1 col post-11672 entry type-post no-media cat-192 post_tag-118 post_tag-193 post_tag-194\"><div class=\"vcex-blog-entry-inner entry-inner wpex-first-mt-0 wpex-last-mb-0 wpex-clr\"><div class=\"vcex-blog-entry-details entry-details wpex-bordered wpex-first-mt-0 wpex-last-mb-0 wpex-clr\"><h2 class=\"vcex-blog-entry-title entry-title wpex-mb-5\"><a href=\"https:\/\/www.kampier.de\/en\/bleichen-die-stoffe-durch-sonneneinstrahlung-aus\/\">Bleichen die Stoffe durch Sonneneinstrahlung aus?<\/a><\/h2><div class=\"vcex-blog-entry-excerpt entry-excerpt wpex-my-15 wpex-last-mb-0 wpex-clr\"><p>Die Stoffe die wir f\u00fcr unsere Sitzfl\u00e4chen verwenden, sind z.B. als Liegestuhlstoffe alle f\u00fcr den&hellip;<\/p><\/div><div class=\"vcex-blog-entry-readmore-wrap entry-readmore-wrap wpex-my-15 wpex-clr\"><a href=\"https:\/\/www.kampier.de\/en\/bleichen-die-stoffe-durch-sonneneinstrahlung-aus\/\" class=\"theme-button\" aria-label=\"Mehr Lesen about Bleichen die Stoffe durch Sonneneinstrahlung aus?\">Mehr Lesen<\/a><\/div><\/div><\/div><\/div><div class=\"vcex-blog-entry vcex-grid-item entry-has-details span_1_of_1 col-1 col post-11675 entry type-post no-media cat-192 post_tag-118 post_tag-193 post_tag-194\"><div class=\"vcex-blog-entry-inner entry-inner wpex-first-mt-0 wpex-last-mb-0 wpex-clr\"><div class=\"vcex-blog-entry-details entry-details wpex-bordered wpex-first-mt-0 wpex-last-mb-0 wpex-clr\"><h2 class=\"vcex-blog-entry-title entry-title wpex-mb-5\"><a href=\"https:\/\/www.kampier.de\/en\/sind-die-sitzflaechen-aus-stoff-waschbar\/\">Sind die Sitzfl\u00e4chen aus Stoff waschbar?<\/a><\/h2><div class=\"vcex-blog-entry-excerpt entry-excerpt wpex-my-15 wpex-last-mb-0 wpex-clr\"><p>Die Hersteller der Stoffe geben an, dass die Stoffe nicht maschinenwaschbar sind. Au\u00dferdem haben die&hellip;<\/p><\/div><div class=\"vcex-blog-entry-readmore-wrap entry-readmore-wrap wpex-my-15 wpex-clr\"><a href=\"https:\/\/www.kampier.de\/en\/sind-die-sitzflaechen-aus-stoff-waschbar\/\" class=\"theme-button\" aria-label=\"Mehr Lesen about Sind die Sitzfl\u00e4chen aus Stoff waschbar?\">Mehr Lesen<\/a><\/div><\/div><\/div><\/div><div class=\"vcex-blog-entry vcex-grid-item entry-has-details span_1_of_1 col-1 col post-11677 entry type-post no-media cat-192 post_tag-118 post_tag-195 post_tag-167\"><div class=\"vcex-blog-entry-inner entry-inner wpex-first-mt-0 wpex-last-mb-0 wpex-clr\"><div class=\"vcex-blog-entry-details entry-details wpex-bordered wpex-first-mt-0 wpex-last-mb-0 wpex-clr\"><h2 class=\"vcex-blog-entry-title entry-title wpex-mb-5\"><a href=\"https:\/\/www.kampier.de\/en\/was-sind-naturmerkmale-im-leder\/\">Was sind Naturmerkmale im Leder?<\/a><\/h2><div class=\"vcex-blog-entry-excerpt entry-excerpt wpex-my-15 wpex-last-mb-0 wpex-clr\"><p>Leder ist ein Naturprodukt. Die Lederh\u00e4ute von Rindern zeigen naturgem\u00e4\u00df gr\u00f6\u00dfere oder kleinere Unregelm\u00e4\u00dfigkeiten, die&hellip;<\/p><\/div><div class=\"vcex-blog-entry-readmore-wrap entry-readmore-wrap wpex-my-15 wpex-clr\"><a href=\"https:\/\/www.kampier.de\/en\/was-sind-naturmerkmale-im-leder\/\" class=\"theme-button\" aria-label=\"Mehr Lesen about Was sind Naturmerkmale im Leder?\">Mehr Lesen<\/a><\/div><\/div><\/div><\/div><div class=\"vcex-blog-entry vcex-grid-item entry-has-details span_1_of_1 col-1 col post-11680 entry type-post no-media cat-192 post_tag-118 post_tag-195 post_tag-167\"><div class=\"vcex-blog-entry-inner entry-inner wpex-first-mt-0 wpex-last-mb-0 wpex-clr\"><div class=\"vcex-blog-entry-details entry-details wpex-bordered wpex-first-mt-0 wpex-last-mb-0 wpex-clr\"><h2 class=\"vcex-blog-entry-title entry-title wpex-mb-5\"><a href=\"https:\/\/www.kampier.de\/en\/wie-sind-die-abriebwerte-des-leders\/\">Wie sind die Abriebwerte des Leders?<\/a><\/h2><div class=\"vcex-blog-entry-excerpt entry-excerpt wpex-my-15 wpex-last-mb-0 wpex-clr\"><p>Die Abriebwerte werden vom Hersteller getestet. Dazu wird ein St\u00fcckchen Filz mit viel Druck nass&hellip;<\/p><\/div><div class=\"vcex-blog-entry-readmore-wrap entry-readmore-wrap wpex-my-15 wpex-clr\"><a href=\"https:\/\/www.kampier.de\/en\/wie-sind-die-abriebwerte-des-leders\/\" class=\"theme-button\" aria-label=\"Mehr Lesen about Wie sind die Abriebwerte des Leders?\">Mehr Lesen<\/a><\/div><\/div><\/div><\/div><\/div><\/div>[\/vc_column][\/vc_row]<\/div>","protected":false},"excerpt":{"rendered":"<p>[vc_row][vc_column][vc_column_text]Here you can find answers to frequently asked questions[\/vc_column_text][\/vc_column][\/vc_row][vc_row][vc_column][\/vc_column][\/vc_row]<\/p>\n","protected":false},"author":4,"featured_media":0,"parent":0,"menu_order":0,"comment_status":"closed","ping_status":"closed","template":"","meta":{"footnotes":"","_links_to":"","_links_to_target":""},"class_list":["post-11809","page","type-page","status-publish","hentry","entry","no-media"],"_links":{"self":[{"href":"https:\/\/www.kampier.de\/en\/wp-json\/wp\/v2\/pages\/11809","targetHints":{"allow":["GET"]}}],"collection":[{"href":"https:\/\/www.kampier.de\/en\/wp-json\/wp\/v2\/pages"}],"about":[{"href":"https:\/\/www.kampier.de\/en\/wp-json\/wp\/v2\/types\/page"}],"author":[{"embeddable":true,"href":"https:\/\/www.kampier.de\/en\/wp-json\/wp\/v2\/users\/4"}],"replies":[{"embeddable":true,"href":"https:\/\/www.kampier.de\/en\/wp-json\/wp\/v2\/comments?post=11809"}],"version-history":[{"count":0,"href":"https:\/\/www.kampier.de\/en\/wp-json\/wp\/v2\/pages\/11809\/revisions"}],"wp:attachment":[{"href":"https:\/\/www.kampier.de\/en\/wp-json\/wp\/v2\/media?parent=11809"}],"curies":[{"name":"wp","href":"https:\/\/api.w.org\/{rel}","templated":true}]}}